{"id":2639,"date":"2020-01-29T02:36:49","date_gmt":"2020-01-29T04:36:49","guid":{"rendered":"https:\/\/grandeatleta.com.br\/?page_id=2639"},"modified":"2024-03-08T15:36:25","modified_gmt":"2024-03-08T18:36:25","slug":"equipe-grande-atleta","status":"publish","type":"page","link":"https:\/\/grandeatleta.com.br\/blog\/equipe-grande-atleta\/","title":{"rendered":"Equipe Grande Atleta"},"content":{"rendered":"<p><span style=\"font-size: large; color: #333333;\">Conhe\u00e7a os colaboradores que levam diariamente aos nossos leitores, os melhores conte\u00fados do mundo fitness em todos os canais da Grande Atleta Suplementos.<\/span><\/p><div class=\"grand-gas-topo_2 grand-entity-placement\" style=\"text-align: center;\" id=\"grand-245770915\"><div id=\"grand-3436092669\"><a href=\"https:\/\/grandeatleta.com.br\/suplementos\/produto\/termotauro\/\/?utm_campaign=banner_blog_GA_termotauro\" rel=\"noopener\" target=\"_blank\"><img src=https:\/\/grandeatleta.com.br\/blog\/wp-content\/uploads\/2025\/08\/termotauro-blogs-e-sites.png\" ;\" width=\"600\" height=\"300\" border=\"0\" alt=\"Termotauro\"><\/a><\/div><\/div>\n<div class=\"tmm tmm_equipe-de-especialistas\"><div class=\"tmm_4_columns tmm_wrap tmm_plugin_f\"><span class=\"tmm_two_containers_tablet\"><\/span><div class=\"tmm_container\"><div class=\"tmm_member\" style=\"border-top:#333333 solid 5px;\"><div class=\"tmm_photo tmm_pic_equipe-de-especialistas_0\" style=\"background: url(https:\/\/grandeatleta.com.br\/wp-content\/uploads\/2020\/01\/renato-fernandes-nutricionista.png); margin-left: auto; margin-right:auto; background-size:cover !important;\"><\/div><div class=\"tmm_textblock\"><div class=\"tmm_names\"><span class=\"tmm_fname\">Renato<\/span> <span class=\"tmm_lname\">Fernandes<\/span><\/div><div class=\"tmm_job\">Nutricionista\/ Redator<\/div><div class=\"tmm_desc\" style=\"text-align:\"><p>Nutricionista Especialista em Nutri\u00e7\u00e3o Cl\u00ednica, Metabolismo, Terapia e Pr\u00e1tica Nutricional. CRN9 22289-MG. Atende em consult\u00f3rio particular na cidade de S\u00e3o Louren\u00e7o, MG e no Brasil de forma online. Colunista em blogs e sites especializados na \u00e1rea de alimenta\u00e7\u00e3o, sa\u00fade e nutri\u00e7\u00e3o.<\/p><\/div><div class=\"tmm_scblock\"><a target=\"_blank\" class=\"tmm_sociallink\" href=\"https:\/\/br.linkedin.com\/in\/renato-fernandes-a663b4171\" title=\"\"><img decoding=\"async\" alt=\"\" src=\"https:\/\/grandeatleta.com.br\/blog\/wp-content\/plugins\/team-members\/inc\/img\/links\/linkedin.png\"\/><\/a><\/div><\/div><\/div><div class=\"tmm_member\" style=\"border-top:#333333 solid 5px;\"><a target=\"_blank\" rel=\"noopener noreferrer\" href=\"https:\/\/grandeatleta.com.br\/blog\/wp-content\/litespeed\/avatar\/1c0dd1c3fe04c9940e9281fb1774a9bb.jpg\" title=\"Daiane de Souza\"><div class=\"tmm_photo tmm_pic_equipe-de-especialistas_1\" style=\"background: url(https:\/\/grandeatleta.com.br\/blog\/wp-content\/uploads\/2020\/01\/1c0dd1c3fe04c9940e9281fb1774a9bb.png); margin-left: auto; margin-right:auto; background-size:cover !important;\"><\/div><\/a><div class=\"tmm_textblock\"><div class=\"tmm_names\"><span class=\"tmm_fname\">Daiane<\/span> <span class=\"tmm_lname\">de Souza<\/span><\/div><div class=\"tmm_job\">Redatora<\/div><div class=\"tmm_desc\" style=\"text-align:\"><p>Sou jornalista (0007147\/SC) desde 2017 e j\u00e1 atuei em diversos portais, incluindo Folha GO e Brasil123, escrevendo sobre sa\u00fade e bem-estar, sempre com foco na qualidade da informa\u00e7\u00e3o.<\/p><\/div><div class=\"tmm_scblock\"><a target=\"_blank\" class=\"tmm_sociallink\" href=\"https:\/\/www.facebook.com\/daianedesouza.redacao\" title=\"Facebook\"><img decoding=\"async\" alt=\"Facebook\" src=\"https:\/\/grandeatleta.com.br\/blog\/wp-content\/plugins\/team-members\/inc\/img\/links\/facebook.png\"\/><\/a><a target=\"_blank\" class=\"tmm_sociallink\" href=\"https:\/\/www.instagram.com\/daianesouza.redacao\/\" title=\"Instagram\"><img decoding=\"async\" alt=\"Instagram\" src=\"https:\/\/grandeatleta.com.br\/blog\/wp-content\/plugins\/team-members\/inc\/img\/links\/instagram.png\"\/><\/a><a target=\"_blank\" class=\"tmm_sociallink\" href=\"https:\/\/www.linkedin.com\/in\/daiane-souza-2a98061a7\/\" title=\"\"><img decoding=\"async\" alt=\"\" src=\"https:\/\/grandeatleta.com.br\/blog\/wp-content\/plugins\/team-members\/inc\/img\/links\/linkedin.png\"\/><\/a><\/div><\/div><\/div><span class=\"tmm_two_containers_tablet\"><\/span><div class=\"tmm_member\" style=\"border-top:#333333 solid 5px;\"><div class=\"tmm_photo tmm_pic_equipe-de-especialistas_2\" style=\"background: url(https:\/\/grandeatleta.com.br\/wp-content\/uploads\/2020\/01\/Victor-Hugo.jpg); margin-left: auto; margin-right:auto; background-size:cover !important;\"><\/div><div class=\"tmm_textblock\"><div class=\"tmm_names\"><span class=\"tmm_fname\">Victor<\/span> <span class=\"tmm_lname\">R. F. de Oliveira<\/span><\/div><div class=\"tmm_job\">Autor<\/div><div class=\"tmm_desc\" style=\"text-align:\">Profissional de Educa\u00e7\u00e3o F\u00edsica formado em licenciatura pela UNIME e Bacharel pela FSBA. CREF: 010586-G\/BA<\/div><div class=\"tmm_scblock\"><a target=\"_blank\" class=\"tmm_sociallink\" href=\"https:\/\/www.linkedin.com\/in\/victor-hugo-rocha-ferreira-de-oliveira-8b2a10188\/\" title=\"LinkedIn\"><img decoding=\"async\" alt=\"LinkedIn\" src=\"https:\/\/grandeatleta.com.br\/blog\/wp-content\/plugins\/team-members\/inc\/img\/links\/linkedin.png\"\/><\/a><\/div><\/div><\/div><div class=\"tmm_member\" style=\"border-top:#333333 solid 5px;\"><div class=\"tmm_photo tmm_pic_equipe-de-especialistas_3\" style=\"background: url(https:\/\/grandeatleta.com.br\/wp-content\/uploads\/2020\/01\/bruna-bosco-nutricionista.jpg); margin-left: auto; margin-right:auto; background-size:cover !important;\"><\/div><div class=\"tmm_textblock\"><div class=\"tmm_names\"><span class=\"tmm_fname\">Bruna<\/span> <span class=\"tmm_lname\">Bosco<\/span><\/div><div class=\"tmm_job\">Nutricionista\/Autor\/Revis\u00e3o<\/div><div class=\"tmm_desc\" style=\"text-align:\"><p>Nutricionista especializada em Emagrecimento e Nutri\u00e7\u00e3o Esportiva. Formada em 2011 e p\u00f3s graduada em Bioqu\u00edmica, Fisiologia, Treinamento e Nutri\u00e7\u00e3o Esportiva pela UNICAMP.<\/p><\/div><div class=\"tmm_scblock\"><a target=\"_blank\" class=\"tmm_sociallink\" href=\"https:\/\/www.facebook.com\/nutri.brunabosco\/\" title=\"\"><img decoding=\"async\" alt=\"\" src=\"https:\/\/grandeatleta.com.br\/blog\/wp-content\/plugins\/team-members\/inc\/img\/links\/facebook.png\"\/><\/a><a target=\"_blank\" class=\"tmm_sociallink\" href=\"https:\/\/www.linkedin.com\/in\/bruna-b-96b71891\/\" title=\"\"><img decoding=\"async\" alt=\"\" src=\"https:\/\/grandeatleta.com.br\/blog\/wp-content\/plugins\/team-members\/inc\/img\/links\/linkedin.png\"\/><\/a><a target=\"_blank\" class=\"tmm_sociallink\" href=\"https:\/\/www.instagram.com\/nutri.brunabosco\/\" title=\"\"><img decoding=\"async\" alt=\"\" src=\"https:\/\/grandeatleta.com.br\/blog\/wp-content\/plugins\/team-members\/inc\/img\/links\/instagram.png\"\/><\/a><\/div><\/div><\/div><span class=\"tmm_two_containers_tablet\"><\/span><\/div><span class=\"tmm_columns_containers_desktop\"><\/span><div class=\"tmm_container\"><div class=\"tmm_member\" style=\"border-top:#333333 solid 5px;\"><div class=\"tmm_photo tmm_pic_equipe-de-especialistas_4\" style=\"background: url(https:\/\/grandeatleta.com.br\/wp-content\/uploads\/2020\/01\/79974558_743107849535062_4176603701038809088_o.jpg); margin-left: auto; margin-right:auto; background-size:cover !important;\"><\/div><div class=\"tmm_textblock\"><div class=\"tmm_names\"><span class=\"tmm_fname\">Guilherme<\/span> <span class=\"tmm_lname\">Jardim<\/span><\/div><div class=\"tmm_job\">Redator<\/div><div class=\"tmm_desc\" style=\"text-align:\">Graduado em Educa\u00e7\u00e3o F\u00edsica pela Universidade Paulista  - S\u00e3o Jos\u00e9 dos Campos. Especialista em Personal Trainer. CREF: 143555-G\/SP<\/div><div class=\"tmm_scblock\"><a target=\"_blank\" class=\"tmm_sociallink\" href=\"https:\/\/www.facebook.com\/guijardimpersonal\" title=\"Facebook\"><img decoding=\"async\" alt=\"Facebook\" src=\"https:\/\/grandeatleta.com.br\/blog\/wp-content\/plugins\/team-members\/inc\/img\/links\/facebook.png\"\/><\/a><a target=\"_blank\" class=\"tmm_sociallink\" href=\"https:\/\/www.instagram.com\/guijardimpersonal\/\" title=\"Instagram\"><img decoding=\"async\" alt=\"Instagram\" src=\"https:\/\/grandeatleta.com.br\/blog\/wp-content\/plugins\/team-members\/inc\/img\/links\/instagram.png\"\/><\/a><a target=\"_blank\" class=\"tmm_sociallink\" href=\"https:\/\/www.linkedin.com\/in\/guilherme-jardim-58ab15100\" title=\"Linkedin\"><img decoding=\"async\" alt=\"Linkedin\" src=\"https:\/\/grandeatleta.com.br\/blog\/wp-content\/plugins\/team-members\/inc\/img\/links\/linkedin.png\"\/><\/a><\/div><\/div><\/div><div style=\"clear:both;\"><\/div><\/div><\/div><\/div>\n","protected":false},"excerpt":{"rendered":"<p>Conhe\u00e7a os colaboradores que levam diariamente aos nossos leitores, os melhores conte\u00fados do mundo fitness em todos os canais da Grande Atleta Suplementos.<\/p>\n","protected":false},"author":1,"featured_media":0,"parent":0,"menu_order":0,"comment_status":"closed","ping_status":"closed","template":"","meta":{"_lmt_disableupdate":"no","_lmt_disable":"","footnotes":""},"class_list":["post-2639","page","type-page","status-publish"],"yoast_head":"<!-- This site is optimized with the Yoast SEO plugin v27.5 - https:\/\/yoast.com\/product\/yoast-seo-wordpress\/ -->\n<title>Equipe Grande Atleta - Grande Atleta Suplementos<\/title>\n<meta name=\"robots\" content=\"index, follow, max-snippet:-1, max-image-preview:large, max-video-preview:-1\" \/>\n<link rel=\"canonical\" href=\"https:\/\/grandeatleta.com.br\/blog\/equipe-grande-atleta\/\" \/>\n<meta property=\"og:locale\" content=\"pt_BR\" \/>\n<meta property=\"og:type\" content=\"article\" \/>\n<meta property=\"og:title\" content=\"Equipe Grande Atleta - Grande Atleta Suplementos\" \/>\n<meta property=\"og:description\" content=\"Conhe\u00e7a os colaboradores que levam diariamente aos nossos leitores, os melhores conte\u00fados do mundo fitness em todos os canais da Grande Atleta Suplementos.\" \/>\n<meta property=\"og:url\" content=\"https:\/\/grandeatleta.com.br\/blog\/equipe-grande-atleta\/\" \/>\n<meta property=\"og:site_name\" content=\"Grande Atleta Suplementos\" \/>\n<meta property=\"article:publisher\" content=\"https:\/\/www.facebook.com\/grandeatleta\/\" \/>\n<meta property=\"article:modified_time\" content=\"2024-03-08T18:36:25+00:00\" \/>\n<meta name=\"twitter:card\" content=\"summary_large_image\" \/>\n<script type=\"application\/ld+json\" class=\"yoast-schema-graph\">{\"@context\":\"https:\\\/\\\/schema.org\",\"@graph\":[{\"@type\":\"WebPage\",\"@id\":\"https:\\\/\\\/grandeatleta.com.br\\\/blog\\\/equipe-grande-atleta\\\/\",\"url\":\"https:\\\/\\\/grandeatleta.com.br\\\/blog\\\/equipe-grande-atleta\\\/\",\"name\":\"Equipe Grande Atleta - Grande Atleta Suplementos\",\"isPartOf\":{\"@id\":\"https:\\\/\\\/grandeatleta.com.br\\\/blog\\\/#website\"},\"datePublished\":\"2020-01-29T04:36:49+00:00\",\"dateModified\":\"2024-03-08T18:36:25+00:00\",\"breadcrumb\":{\"@id\":\"https:\\\/\\\/grandeatleta.com.br\\\/blog\\\/equipe-grande-atleta\\\/#breadcrumb\"},\"inLanguage\":\"pt-BR\",\"potentialAction\":[{\"@type\":\"ReadAction\",\"target\":[\"https:\\\/\\\/grandeatleta.com.br\\\/blog\\\/equipe-grande-atleta\\\/\"]}]},{\"@type\":\"BreadcrumbList\",\"@id\":\"https:\\\/\\\/grandeatleta.com.br\\\/blog\\\/equipe-grande-atleta\\\/#breadcrumb\",\"itemListElement\":[{\"@type\":\"ListItem\",\"position\":1,\"name\":\"In\u00edcio\",\"item\":\"https:\\\/\\\/grandeatleta.com.br\\\/blog\\\/\"},{\"@type\":\"ListItem\",\"position\":2,\"name\":\"Equipe Grande Atleta\"}]},{\"@type\":\"WebSite\",\"@id\":\"https:\\\/\\\/grandeatleta.com.br\\\/blog\\\/#website\",\"url\":\"https:\\\/\\\/grandeatleta.com.br\\\/blog\\\/\",\"name\":\"Grande Atleta Suplementos\",\"description\":\"Porque vivemos o esporte!\",\"publisher\":{\"@id\":\"https:\\\/\\\/grandeatleta.com.br\\\/blog\\\/#organization\"},\"potentialAction\":[{\"@type\":\"SearchAction\",\"target\":{\"@type\":\"EntryPoint\",\"urlTemplate\":\"https:\\\/\\\/grandeatleta.com.br\\\/blog\\\/?s={search_term_string}\"},\"query-input\":{\"@type\":\"PropertyValueSpecification\",\"valueRequired\":true,\"valueName\":\"search_term_string\"}}],\"inLanguage\":\"pt-BR\"},{\"@type\":\"Organization\",\"@id\":\"https:\\\/\\\/grandeatleta.com.br\\\/blog\\\/#organization\",\"name\":\"Grande Atleta\",\"url\":\"https:\\\/\\\/grandeatleta.com.br\\\/blog\\\/\",\"logo\":{\"@type\":\"ImageObject\",\"inLanguage\":\"pt-BR\",\"@id\":\"https:\\\/\\\/grandeatleta.com.br\\\/blog\\\/#\\\/schema\\\/logo\\\/image\\\/\",\"url\":\"https:\\\/\\\/grandeatleta.com.br\\\/wp-content\\\/uploads\\\/2018\\\/05\\\/GA-logo.png\",\"contentUrl\":\"https:\\\/\\\/grandeatleta.com.br\\\/wp-content\\\/uploads\\\/2018\\\/05\\\/GA-logo.png\",\"width\":259,\"height\":55,\"caption\":\"Grande Atleta\"},\"image\":{\"@id\":\"https:\\\/\\\/grandeatleta.com.br\\\/blog\\\/#\\\/schema\\\/logo\\\/image\\\/\"},\"sameAs\":[\"https:\\\/\\\/www.facebook.com\\\/grandeatleta\\\/\",\"https:\\\/\\\/www.instagram.com\\\/grandeatleta\\\/\",\"https:\\\/\\\/br.pinterest.com\\\/grandeatleta\\\/\",\"https:\\\/\\\/www.youtube.com\\\/channel\\\/UCHvooJVMo3GG1ErlU02o75Q\"]}]}<\/script>\n<!-- \/ Yoast SEO plugin. -->","yoast_head_json":{"title":"Equipe Grande Atleta - Grande Atleta Suplementos","robots":{"index":"index","follow":"follow","max-snippet":"max-snippet:-1","max-image-preview":"max-image-preview:large","max-video-preview":"max-video-preview:-1"},"canonical":"https:\/\/grandeatleta.com.br\/blog\/equipe-grande-atleta\/","og_locale":"pt_BR","og_type":"article","og_title":"Equipe Grande Atleta - Grande Atleta Suplementos","og_description":"Conhe\u00e7a os colaboradores que levam diariamente aos nossos leitores, os melhores conte\u00fados do mundo fitness em todos os canais da Grande Atleta Suplementos.","og_url":"https:\/\/grandeatleta.com.br\/blog\/equipe-grande-atleta\/","og_site_name":"Grande Atleta Suplementos","article_publisher":"https:\/\/www.facebook.com\/grandeatleta\/","article_modified_time":"2024-03-08T18:36:25+00:00","twitter_card":"summary_large_image","schema":{"@context":"https:\/\/schema.org","@graph":[{"@type":"WebPage","@id":"https:\/\/grandeatleta.com.br\/blog\/equipe-grande-atleta\/","url":"https:\/\/grandeatleta.com.br\/blog\/equipe-grande-atleta\/","name":"Equipe Grande Atleta - Grande Atleta Suplementos","isPartOf":{"@id":"https:\/\/grandeatleta.com.br\/blog\/#website"},"datePublished":"2020-01-29T04:36:49+00:00","dateModified":"2024-03-08T18:36:25+00:00","breadcrumb":{"@id":"https:\/\/grandeatleta.com.br\/blog\/equipe-grande-atleta\/#breadcrumb"},"inLanguage":"pt-BR","potentialAction":[{"@type":"ReadAction","target":["https:\/\/grandeatleta.com.br\/blog\/equipe-grande-atleta\/"]}]},{"@type":"BreadcrumbList","@id":"https:\/\/grandeatleta.com.br\/blog\/equipe-grande-atleta\/#breadcrumb","itemListElement":[{"@type":"ListItem","position":1,"name":"In\u00edcio","item":"https:\/\/grandeatleta.com.br\/blog\/"},{"@type":"ListItem","position":2,"name":"Equipe Grande Atleta"}]},{"@type":"WebSite","@id":"https:\/\/grandeatleta.com.br\/blog\/#website","url":"https:\/\/grandeatleta.com.br\/blog\/","name":"Grande Atleta Suplementos","description":"Porque vivemos o esporte!","publisher":{"@id":"https:\/\/grandeatleta.com.br\/blog\/#organization"},"potentialAction":[{"@type":"SearchAction","target":{"@type":"EntryPoint","urlTemplate":"https:\/\/grandeatleta.com.br\/blog\/?s={search_term_string}"},"query-input":{"@type":"PropertyValueSpecification","valueRequired":true,"valueName":"search_term_string"}}],"inLanguage":"pt-BR"},{"@type":"Organization","@id":"https:\/\/grandeatleta.com.br\/blog\/#organization","name":"Grande Atleta","url":"https:\/\/grandeatleta.com.br\/blog\/","logo":{"@type":"ImageObject","inLanguage":"pt-BR","@id":"https:\/\/grandeatleta.com.br\/blog\/#\/schema\/logo\/image\/","url":"https:\/\/grandeatleta.com.br\/wp-content\/uploads\/2018\/05\/GA-logo.png","contentUrl":"https:\/\/grandeatleta.com.br\/wp-content\/uploads\/2018\/05\/GA-logo.png","width":259,"height":55,"caption":"Grande Atleta"},"image":{"@id":"https:\/\/grandeatleta.com.br\/blog\/#\/schema\/logo\/image\/"},"sameAs":["https:\/\/www.facebook.com\/grandeatleta\/","https:\/\/www.instagram.com\/grandeatleta\/","https:\/\/br.pinterest.com\/grandeatleta\/","https:\/\/www.youtube.com\/channel\/UCHvooJVMo3GG1ErlU02o75Q"]}]}},"_links":{"self":[{"href":"https:\/\/grandeatleta.com.br\/blog\/wp-json\/wp\/v2\/pages\/2639","targetHints":{"allow":["GET"]}}],"collection":[{"href":"https:\/\/grandeatleta.com.br\/blog\/wp-json\/wp\/v2\/pages"}],"about":[{"href":"https:\/\/grandeatleta.com.br\/blog\/wp-json\/wp\/v2\/types\/page"}],"author":[{"embeddable":true,"href":"https:\/\/grandeatleta.com.br\/blog\/wp-json\/wp\/v2\/users\/1"}],"replies":[{"embeddable":true,"href":"https:\/\/grandeatleta.com.br\/blog\/wp-json\/wp\/v2\/comments?post=2639"}],"version-history":[{"count":0,"href":"https:\/\/grandeatleta.com.br\/blog\/wp-json\/wp\/v2\/pages\/2639\/revisions"}],"wp:attachment":[{"href":"https:\/\/grandeatleta.com.br\/blog\/wp-json\/wp\/v2\/media?parent=2639"}],"curies":[{"name":"wp","href":"https:\/\/api.w.org\/{rel}","templated":true}]}}